{"id":73,"date":"2021-02-09T15:49:26","date_gmt":"2021-02-09T15:49:26","guid":{"rendered":"http:\/\/icelandfishexpo.webdev.is\/?page_id=73"},"modified":"2026-02-04T21:56:25","modified_gmt":"2026-02-04T21:56:25","slug":"basapantanir","status":"publish","type":"page","link":"https:\/\/storeldhusid.is\/en\/basapantanir\/","title":{"rendered":"Book a stand"},"content":{"rendered":"<p>[et_pb_section fb_built=&#8220;1&#8243; next_background_color=&#8220;rgba(250,250,250,0.7)&#8220; admin_label=&#8220;Header&#8220; _builder_version=&#8220;4.8.2&#8243; min_height=&#8220;272.3px&#8220; bottom_divider_style=&#8220;wave&#8220; bottom_divider_height=&#8220;10vw&#8220; bottom_divider_flip=&#8220;horizontal&#8220;][et_pb_row column_structure=&#8220;1_2,1_2&#8243; _builder_version=&#8220;4.8.2&#8243; background_size=&#8220;contain&#8220;][et_pb_column type=&#8220;1_2&#8243; _builder_version=&#8220;3.25&#8243; custom_padding=&#8220;|||&#8220; custom_padding_tablet=&#8220;0px|||&#8220; custom_padding_last_edited=&#8220;off|desktop&#8220; custom_padding__hover=&#8220;|||&#8220;][et_pb_text _builder_version=&#8220;4.8.2&#8243; text_font=&#8220;||||||||&#8220; ul_font=&#8220;||||||||&#8220; ol_font=&#8220;||||||||&#8220; header_font=&#8220;Montserrat|500||on|||||&#8220; header_font_size=&#8220;18px&#8220; header_letter_spacing=&#8220;5px&#8220; header_line_height=&#8220;1.5em&#8220; header_2_font=&#8220;Merriweather|700|||||||&#8220; header_2_font_size=&#8220;60px&#8220; header_2_line_height=&#8220;1.4em&#8220; header_3_font=&#8220;||||||||&#8220; header_4_font=&#8220;||||||||&#8220; header_5_font=&#8220;||||||||&#8220; header_6_font=&#8220;||||||||&#8220; header_font_size_tablet=&#8220;&#8220; header_font_size_phone=&#8220;12px&#8220; header_font_size_last_edited=&#8220;on|desktop&#8220; header_2_font_size_tablet=&#8220;50px&#8220; header_2_font_size_phone=&#8220;30px&#8220; header_2_font_size_last_edited=&#8220;on|desktop&#8220;]<\/p>\n<h2><span style=\"color: #e09900;\">B\u00d3KA B\u00c1S<\/span><\/h2>\n<h1><span style=\"font-size: medium; color: #e09900;\">HAF\u00f0U SAMBAND OG B\u00d3KA\u00d0U SV\u00c6\u00d0I!<\/span><\/h1>\n<p><span style=\"font-size: medium;\">\u00a0<\/span><\/p>\n<p>[\/et_pb_text][\/et_pb_column][et_pb_column type=&#8220;1_2&#8243; _builder_version=&#8220;3.25&#8243; custom_padding=&#8220;|||&#8220; custom_padding__hover=&#8220;|||&#8220;][\/et_pb_column][\/et_pb_row][\/et_pb_section][et_pb_section fb_built=&#8220;1&#8243; admin_label=&#8220;Consultation&#8220; _builder_version=&#8220;4.8.2&#8243; background_color=&#8220;rgba(250,250,250,0.7)&#8220; use_background_color_gradient=&#8220;on&#8220; background_color_gradient_start=&#8220;rgba(250,250,250,0.14)&#8220; background_color_gradient_end=&#8220;#ffffff&#8220; min_height=&#8220;890.6px&#8220; custom_margin=&#8220;-49px||-199px||false|false&#8220; custom_padding=&#8220;||54px|||&#8220;][et_pb_row column_structure=&#8220;1_2,1_2&#8243; _builder_version=&#8220;4.8.2&#8243; min_height=&#8220;838.1px&#8220; custom_margin=&#8220;-69px|auto||auto|false|false&#8220; custom_padding=&#8220;85px||||false|false&#8220; locked=&#8220;off&#8220;][et_pb_column type=&#8220;1_2&#8243; _builder_version=&#8220;3.25&#8243; custom_padding=&#8220;60px|||&#8220; custom_padding_tablet=&#8220;0px|||&#8220; custom_padding_phone=&#8220;&#8220; custom_padding_last_edited=&#8220;on|tablet&#8220; padding_tablet=&#8220;0px|||&#8220; padding_last_edited=&#8220;on|tablet&#8220; custom_padding__hover=&#8220;|||&#8220;][et_pb_text content_last_edited=&#8220;off|desktop&#8220; _builder_version=&#8220;4.8.2&#8243; text_font=&#8220;||||||||&#8220; text_line_height=&#8220;2em&#8220; header_font=&#8220;||||||||&#8220; header_text_align=&#8220;left&#8220; header_3_font=&#8220;Merriweather|700|||||||&#8220; header_3_font_size=&#8220;26px&#8220; header_3_line_height=&#8220;1.6em&#8220; max_width=&#8220;99.6%&#8220; max_width_tablet=&#8220;&#8220; max_width_phone=&#8220;&#8220; max_width_last_edited=&#8220;on|phone&#8220; module_alignment=&#8220;left&#8220; min_height=&#8220;975.6px&#8220; custom_margin=&#8220;-53px|2px|-266px||false|false&#8220; custom_margin_tablet=&#8220;&#8220; custom_margin_phone=&#8220;||-93px||false|false&#8220; custom_margin_last_edited=&#8220;on|phone&#8220; custom_padding=&#8220;0px||0px||false|false&#8220; hover_enabled=&#8220;0&#8243; header_3_font_size_tablet=&#8220;&#8220; header_3_font_size_phone=&#8220;20px&#8220; header_3_font_size_last_edited=&#8220;on|phone&#8220; locked=&#8220;off&#8220; sticky_enabled=&#8220;0&#8243;]<\/p>\n<h3>\u00de\u00e1ttt\u00f6kukostna\u00f0ur<\/h3>\n<p>ST\u00d3RELDH\u00daSI\u00d0 2024 hlaut einstaklega g\u00f3\u00f0 vi\u00f0br\u00f6g\u00f0 fr\u00e1 s\u00fdnendum og starfsf\u00f3lki \u00far st\u00f3reldh\u00fasum sem m\u00e6tti alls sta\u00f0ar a\u00f0 af landinu.<\/p>\n<p>Fj\u00f6ldi fyrirspurna s\u00fdnir mikinn \u00e1huga fyrir n\u00e6stu s\u00fdningu. S\u00fdningarsv\u00e6\u00f0i\u00f0 \u00ed Laugardalsh\u00f6llinni hefur reynst s\u00e9rlega hentugt er var\u00f0ar r\u00fdmi loftg\u00e6\u00f0i, hlj\u00f3\u00f0vist og sta\u00f0setningu. \u00de\u00e1 er \u00ed reynd alveg sama hvar s\u00fdnendur eru sta\u00f0settir \u00e1 sv\u00e6\u00f0inu \u2013 hver og einn b\u00e1s n\u00fdtur s\u00edn vel enda \u00ed sama r\u00fdmi.<\/p>\n<p><strong>B\u00e1saver\u00f0:<\/strong> B\u00e1saver\u00f0 ver\u00f0ur kr. 24.500 p. fm. \u00e1n vask. sem ver\u00f0ur a\u00f0 teljast einkar sanngjarnt, en ekki ver\u00f0ur selt inn \u00e1 s\u00fdninguna. Einnig f\u00e1 <strong>s\u00fdnendur eins<\/strong> <strong>marga bo\u00f0smi\u00f0a og hentar \u00e1n endurgjalds<\/strong> <strong>o<\/strong><strong>g passa fyrir starfsf\u00f3lk \u00e1 b\u00e1sum.<\/strong><\/p>\n<p>Sta\u00f0festingargjald er kr. 45.000 \u00e1n vsk. (\u00f3afturkr\u00e6ft). Innifali\u00f0 er m.a. teppi, punktal\u00fdsing \u00ed almennu r\u00fdmi, internet, \u00f6ryggisg\u00e6sla, r\u00e6sting \u00e1 g\u00f6ngum og marka\u00f0ssetning.<\/p>\n<p><strong>T\u00edmasetning: S\u00fdningin hefst kl. 12.00 \u00e1 fimmtudag og f\u00f6studag og l\u00fdkur kl. 18.00<\/strong><\/p>\n<p><strong>B\u00e1sakerfi: <\/strong>S\u00fdnendum er velkomi\u00f0 a\u00f0 velja \u00e1 milli s\u00fdningarkerfafyrirt\u00e6kja e\u00f0a koma me\u00f0 eigi\u00f0 kerfi. Rits\u00fdn er \u00ed samstarfi vi\u00f0 <strong>Merkingu <\/strong>sem er me\u00f0 tilbo\u00f0 \u00e1 kerfum me\u00f0 veggjum, l\u00fdsingu og merkingu hatti, kr. 9.900 p. fm. \u00e1n vsk. Hafi\u00f0 samband vi\u00f0 Hj\u00f6rd\u00edsi 620 0017 \/ 556 9000 <a href=\"mailto:syningar@merking.is\">syningar@merking.is<\/a> <strong>. \u00a0<\/strong><\/p>\n<p>Rafmagnsnotkun er innifalin en ekki tenglar og annar rafmagnsb\u00fana\u00f0ur sem er lag\u00f0ur \u00ed b\u00e1sa. Hafi\u00f0 samband vi\u00f0 Sonik; Hlynur, hlynur@sonik.is, s. 664 6443 og Gunnar, gunnar@sonik.is, s. 893 7037 var\u00f0andi pantanir \u00e1 tenglum og \u00f6\u00f0rum rafb\u00fana\u00f0i.<\/p>\n<p>Rits\u00fdn er ekki me\u00f0 b\u00e1sakerfi.<\/p>\n<p><strong>Skr\u00e1ning:<\/strong> Vinsamlega hafi\u00f0 samband sem fyrst var\u00f0andi skr\u00e1ningu ykkar fyrirt\u00e6kis.<\/p>\n<p><strong>H\u00e9r gefst einstakt t\u00e6kif\u00e6ri \u00e1 a\u00f0 kynna v\u00f6rur og \u00fej\u00f3nustu fyrir st\u00f3reldh\u00fasamarka\u00f0num.<\/strong><\/p>\n<p><strong><\/strong><\/p>\n<p>&nbsp;<\/p>\n<p>[\/et_pb_text][\/et_pb_column][et_pb_column type=&#8220;1_2&#8243; _builder_version=&#8220;3.25&#8243; custom_padding=&#8220;|||&#8220; custom_padding__hover=&#8220;|||&#8220;][\/et_pb_column][\/et_pb_row][\/et_pb_section][et_pb_section fb_built=&#8220;1&#8243; _builder_version=&#8220;4.8.2&#8243; _module_preset=&#8220;default&#8220; min_height=&#8220;187.4px&#8220; custom_margin=&#8220;1px||-17px|||&#8220; custom_padding=&#8220;361px|||||&#8220; locked=&#8220;off&#8220;][et_pb_row column_structure=&#8220;1_2,1_2&#8243; _builder_version=&#8220;4.8.2&#8243; _module_preset=&#8220;default&#8220; min_height=&#8220;210.4px&#8220; custom_padding=&#8220;0px|||||&#8220;][et_pb_column type=&#8220;1_2&#8243; _builder_version=&#8220;4.8.2&#8243; _module_preset=&#8220;default&#8220;][et_pb_code _builder_version=&#8220;4.8.2&#8243; _module_preset=&#8220;default&#8220; min_height=&#8220;48.6px&#8220;]<strong><span style=\"color: #e09900;\">FRAMKV\u00c6MDARSTJ\u00d3RI<\/br><\/span>\u00d3lafur M. J\u00f3hannesson<\/strong><!-- [et_pb_line_break_holder] -->[\/et_pb_code][et_pb_blurb title=&#8220;T\u00d6LVUP\u00d3STUR&#8220; use_icon=&#8220;on&#8220; font_icon=&#8220;%%238%%&#8220; icon_color=&#8220;#ffffff&#8220; use_circle=&#8220;on&#8220; circle_color=&#8220;#f5ba6a&#8220; icon_placement=&#8220;left&#8220; content_max_width=&#8220;1100px&#8220; _builder_version=&#8220;3.15&#8243; header_level=&#8220;h5&#8243; header_font=&#8220;|700||on|||||&#8220; header_text_color=&#8220;#000000&#8243; header_font_size=&#8220;11px&#8220; header_letter_spacing=&#8220;1px&#8220; header_line_height=&#8220;2em&#8220; body_font_size=&#8220;12px&#8220; body_line_height=&#8220;1.6em&#8220; custom_padding=&#8220;|||&#8220; animation=&#8220;off&#8220; border_radii=&#8220;on|10px|10px|10px|10px&#8220; locked=&#8220;off&#8220;]<\/p>\n<p><em><a href=\"mailto:olafur@ritsyn.is\">olafur@ritsyn.is<\/a><\/em><\/p>\n<p>[\/et_pb_blurb][et_pb_blurb title=&#8220;S\u00cdMI&#8220; use_icon=&#8220;on&#8220; font_icon=&#8220;%%264%%&#8220; icon_color=&#8220;#ffffff&#8220; use_circle=&#8220;on&#8220; circle_color=&#8220;#cc6b59&#8243; icon_placement=&#8220;left&#8220; content_max_width=&#8220;1100px&#8220; _builder_version=&#8220;4.8.2&#8243; header_level=&#8220;h5&#8243; header_font=&#8220;|700||on|||||&#8220; header_text_color=&#8220;#000000&#8243; header_font_size=&#8220;11px&#8220; header_letter_spacing=&#8220;1px&#8220; header_line_height=&#8220;2em&#8220; body_font_size=&#8220;12px&#8220; body_line_height=&#8220;1.6em&#8220; custom_margin=&#8220;-17px|||||&#8220; custom_padding=&#8220;|||&#8220; animation=&#8220;off&#8220; border_radii=&#8220;on|10px|10px|10px|10px&#8220; locked=&#8220;off&#8220;]<\/p>\n<p><span>698 8150<\/span><\/p>\n<p>[\/et_pb_blurb][\/et_pb_column][et_pb_column type=&#8220;1_2&#8243; _builder_version=&#8220;4.8.2&#8243; _module_preset=&#8220;default&#8220;][et_pb_text _builder_version=&#8220;4.8.2&#8243; _module_preset=&#8220;default&#8220;]<strong><span style=\"color: #e09900;\">MARKA\u00d0SSTJ\u00d3RI<\/br><\/span>Inga<\/strong>[\/et_pb_text][et_pb_blurb title=&#8220;T\u00d6LVUP\u00d3STUR&#8220; use_icon=&#8220;on&#8220; font_icon=&#8220;%%238%%&#8220; icon_color=&#8220;#ffffff&#8220; use_circle=&#8220;on&#8220; circle_color=&#8220;#f5ba6a&#8220; icon_placement=&#8220;left&#8220; content_max_width=&#8220;1100px&#8220; _builder_version=&#8220;4.8.2&#8243; header_level=&#8220;h5&#8243; header_font=&#8220;|700||on|||||&#8220; header_text_color=&#8220;#000000&#8243; header_font_size=&#8220;11px&#8220; header_letter_spacing=&#8220;1px&#8220; header_line_height=&#8220;2em&#8220; body_font_size=&#8220;12px&#8220; body_line_height=&#8220;1.6em&#8220; custom_padding=&#8220;|||&#8220; animation=&#8220;off&#8220; border_radii=&#8220;on|10px|10px|10px|10px&#8220; locked=&#8220;off&#8220;]<\/p>\n<p><em><a href=\"mailto:inga@ritform.is\">inga@ritform.is<\/a><\/em><\/p>\n<p>[\/et_pb_blurb][et_pb_blurb title=&#8220;S\u00cdMI&#8220; use_icon=&#8220;on&#8220; font_icon=&#8220;%%264%%&#8220; icon_color=&#8220;#ffffff&#8220; use_circle=&#8220;on&#8220; circle_color=&#8220;#cc6b59&#8243; icon_placement=&#8220;left&#8220; content_max_width=&#8220;1100px&#8220; _builder_version=&#8220;4.8.2&#8243; header_level=&#8220;h5&#8243; header_font=&#8220;|700||on|||||&#8220; header_text_color=&#8220;#000000&#8243; header_font_size=&#8220;11px&#8220; header_letter_spacing=&#8220;1px&#8220; header_line_height=&#8220;2em&#8220; body_font_size=&#8220;12px&#8220; body_line_height=&#8220;1.6em&#8220; custom_margin=&#8220;-17px|||||&#8220; custom_padding=&#8220;|||&#8220; animation=&#8220;off&#8220; border_radii=&#8220;on|10px|10px|10px|10px&#8220; locked=&#8220;off&#8220;]<\/p>\n<p><span>898 8022<\/span><\/p>\n<p>[\/et_pb_blurb][\/et_pb_column][\/et_pb_row][\/et_pb_section][et_pb_section fb_built=&#8220;1&#8243; prev_background_color=&#8220;#ffffff&#8220; admin_label=&#8220;About Me&#8220; _builder_version=&#8220;4.8.2&#8243; background_color=&#8220;#ed2025&#8243; custom_padding=&#8220;100px|0px|54px|0px|false|false&#8220; top_divider_style=&#8220;curve&#8220; top_divider_height=&#8220;6vw&#8220; top_divider_flip=&#8220;vertical&#8220;][\/et_pb_section]<\/p>\n","protected":false},"excerpt":{"rendered":"<p>[et_pb_section fb_built=&#8220;1&#8243; next_background_color=&#8220;rgba(250,250,250,0.7)&#8220; admin_label=&#8220;Header&#8220; _builder_version=&#8220;4.8.2&#8243; min_height=&#8220;272.3px&#8220; bottom_divider_style=&#8220;wave&#8220; bottom_divider_height=&#8220;10vw&#8220; bottom_divider_flip=&#8220;horizontal&#8220;][et_pb_row column_structure=&#8220;1_2,1_2&#8243; _builder_version=&#8220;4.8.2&#8243; background_size=&#8220;contain&#8220;][et_pb_column type=&#8220;1_2&#8243; _builder_version=&#8220;3.25&#8243; custom_padding=&#8220;|||&#8220; custom_padding_tablet=&#8220;0px|||&#8220; custom_padding_last_edited=&#8220;off|desktop&#8220; custom_padding__hover=&#8220;|||&#8220;][et_pb_text _builder_version=&#8220;4.8.2&#8243; text_font=&#8220;||||||||&#8220; ul_font=&#8220;||||||||&#8220; ol_font=&#8220;||||||||&#8220; header_font=&#8220;Montserrat|500||on|||||&#8220; header_font_size=&#8220;18px&#8220; header_letter_spacing=&#8220;5px&#8220; header_line_height=&#8220;1.5em&#8220; header_2_font=&#8220;Merriweather|700|||||||&#8220; header_2_font_size=&#8220;60px&#8220; header_2_line_height=&#8220;1.4em&#8220; header_3_font=&#8220;||||||||&#8220; header_4_font=&#8220;||||||||&#8220; header_5_font=&#8220;||||||||&#8220; header_6_font=&#8220;||||||||&#8220; header_font_size_tablet=&#8220;&#8220; header_font_size_phone=&#8220;12px&#8220; header_font_size_last_edited=&#8220;on|desktop&#8220; header_2_font_size_tablet=&#8220;50px&#8220; header_2_font_size_phone=&#8220;30px&#8220; header_2_font_size_last_edited=&#8220;on|desktop&#8220;] B\u00d3KA B\u00c1S HAF\u00f0U SAMBAND OG B\u00d3KA\u00d0U SV\u00c6\u00d0I! \u00a0 [\/et_pb_text][\/et_pb_column][et_pb_column type=&#8220;1_2&#8243; _builder_version=&#8220;3.25&#8243; custom_padding=&#8220;|||&#8220; custom_padding__hover=&#8220;|||&#8220;][\/et_pb_column][\/et_pb_row][\/et_pb_section][et_pb_section fb_built=&#8220;1&#8243; admin_label=&#8220;Consultation&#8220; _builder_version=&#8220;4.8.2&#8243; [&hellip;]<\/p>\n","protected":false},"author":1,"featured_media":0,"parent":0,"menu_order":0,"comment_status":"closed","ping_status":"closed","template":"","meta":{"_et_pb_use_builder":"on","_et_pb_old_content":"","_et_gb_content_width":"","footnotes":""},"class_list":["post-73","page","type-page","status-publish","hentry"],"_links":{"self":[{"href":"https:\/\/storeldhusid.is\/en\/wp-json\/wp\/v2\/pages\/73","targetHints":{"allow":["GET"]}}],"collection":[{"href":"https:\/\/storeldhusid.is\/en\/wp-json\/wp\/v2\/pages"}],"about":[{"href":"https:\/\/storeldhusid.is\/en\/wp-json\/wp\/v2\/types\/page"}],"author":[{"embeddable":true,"href":"https:\/\/storeldhusid.is\/en\/wp-json\/wp\/v2\/users\/1"}],"replies":[{"embeddable":true,"href":"https:\/\/storeldhusid.is\/en\/wp-json\/wp\/v2\/comments?post=73"}],"version-history":[{"count":116,"href":"https:\/\/storeldhusid.is\/en\/wp-json\/wp\/v2\/pages\/73\/revisions"}],"predecessor-version":[{"id":3067,"href":"https:\/\/storeldhusid.is\/en\/wp-json\/wp\/v2\/pages\/73\/revisions\/3067"}],"wp:attachment":[{"href":"https:\/\/storeldhusid.is\/en\/wp-json\/wp\/v2\/media?parent=73"}],"curies":[{"name":"wp","href":"https:\/\/api.w.org\/{rel}","templated":true}]}}