{"id":59,"date":"2021-02-09T15:47:17","date_gmt":"2021-02-09T15:47:17","guid":{"rendered":"http:\/\/icelandfishexpo.webdev.is\/?page_id=59"},"modified":"2026-01-28T22:56:41","modified_gmt":"2026-01-28T22:56:41","slug":"stadsetning","status":"publish","type":"page","link":"https:\/\/storeldhusid.is\/en\/stadsetning\/","title":{"rendered":"The venue"},"content":{"rendered":"<p>[et_pb_section fb_built=&#8220;1&#8243; admin_label=&#8220;Header&#8220; _builder_version=&#8220;4.8.2&#8243; use_background_color_gradient=&#8220;on&#8220; background_color_gradient_start=&#8220;rgba(255,255,255,0.4)&#8220; background_color_gradient_end=&#8220;#ffffff&#8220; background_color_gradient_direction=&#8220;179deg&#8220; background_color_gradient_start_position=&#8220;28%&#8220; background_color_gradient_end_position=&#8220;90%&#8220; background_color_gradient_overlays_image=&#8220;on&#8220; background_image=&#8220;http:\/\/icelandfishexpo.webdev.is\/wp-content\/uploads\/2021\/02\/laugardalsholl.png&#8220; custom_margin=&#8220;-302px||-47px||false|false&#8220; custom_padding=&#8220;12vw||1vw||false|false&#8220;][et_pb_row _builder_version=&#8220;4.8.2&#8243; custom_margin=&#8220;170px|auto||auto|false|false&#8220;][et_pb_column type=&#8220;4_4&#8243; _builder_version=&#8220;3.25&#8243; custom_padding=&#8220;|||&#8220; custom_padding__hover=&#8220;|||&#8220;][et_pb_text _builder_version=&#8220;4.8.2&#8243; text_font=&#8220;||||||||&#8220; ul_font=&#8220;||||||||&#8220; ol_font=&#8220;||||||||&#8220; header_font=&#8220;Montserrat|500||on|||||&#8220; header_font_size=&#8220;18px&#8220; header_letter_spacing=&#8220;5px&#8220; header_line_height=&#8220;1.5em&#8220; header_2_font=&#8220;Merriweather|||on|||||&#8220; header_2_font_size=&#8220;70px&#8220; header_2_letter_spacing=&#8220;5px&#8220; header_2_line_height=&#8220;1.4em&#8220; header_3_font=&#8220;||||||||&#8220; header_4_font=&#8220;||||||||&#8220; header_5_font=&#8220;||||||||&#8220; header_6_font=&#8220;||||||||&#8220; text_orientation=&#8220;center&#8220; module_alignment=&#8220;center&#8220; min_height=&#8220;234px&#8220; height=&#8220;100px&#8220; custom_margin=&#8220;7px||||false|false&#8220; custom_padding=&#8220;44px||0px|||&#8220; hover_enabled=&#8220;0&#8243; header_font_size_tablet=&#8220;&#8220; header_font_size_phone=&#8220;12px&#8220; header_font_size_last_edited=&#8220;on|desktop&#8220; header_2_font_size_tablet=&#8220;50px&#8220; header_2_font_size_phone=&#8220;30px&#8220; header_2_font_size_last_edited=&#8220;on|desktop&#8220; module_alignment_tablet=&#8220;&#8220; module_alignment_phone=&#8220;&#8220; module_alignment_last_edited=&#8220;on|desktop&#8220; sticky_enabled=&#8220;0&#8243;]<\/p>\n<h2><span style=\"color: #e09900;\"><\/span><\/h2>\n<p><span style=\"color: #e09900;\"><\/span><\/p>\n<h2><span style=\"color: #ff9900;\">sta\u00f0setning<\/span><\/h2>\n<h1>laugardalsh\u00f6ll<\/h1>\n<p>[\/et_pb_text][\/et_pb_column][\/et_pb_row][\/et_pb_section][et_pb_section fb_built=&#8220;1&#8243; custom_padding_last_edited=&#8220;on|tablet&#8220; prev_background_color=&#8220;#ffffff&#8220; next_background_color=&#8220;#ed2025&#8243; admin_label=&#8220;About Me&#8220; _builder_version=&#8220;4.8.2&#8243; background_color=&#8220;#fafafa&#8220; min_height=&#8220;1094.3px&#8220; custom_margin=&#8220;-4px|||||&#8220; custom_padding=&#8220;8vw|0px|6vw|0px|false|false&#8220; custom_padding_tablet=&#8220;||10vw|&#8220; custom_padding_phone=&#8220;&#8220; top_divider_style=&#8220;curve&#8220; top_divider_height=&#8220;6vw&#8220; top_divider_flip=&#8220;vertical&#8220; bottom_divider_style=&#8220;curve&#8220; bottom_divider_height=&#8220;10vw&#8220; bottom_divider_repeat=&#8220;0.5x&#8220;][et_pb_row column_structure=&#8220;1_2,1_2&#8243; _builder_version=&#8220;4.8.2&#8243; custom_margin=&#8220;-161px|auto||auto||&#8220; custom_padding=&#8220;47px|||||&#8220;][et_pb_column type=&#8220;1_2&#8243; _builder_version=&#8220;3.25&#8243; custom_padding=&#8220;|||&#8220; custom_padding__hover=&#8220;|||&#8220;][et_pb_text _builder_version=&#8220;4.8.2&#8243; text_font=&#8220;||||||||&#8220; text_line_height=&#8220;2em&#8220; header_font=&#8220;||||||||&#8220; header_2_font=&#8220;Merriweather|700|||||||&#8220; header_2_font_size=&#8220;36px&#8220; header_2_line_height=&#8220;1.6em&#8220; custom_margin=&#8220;7px||52px|||&#8220; custom_padding=&#8220;0px||0px|||&#8220; header_2_font_size_tablet=&#8220;&#8220; header_2_font_size_phone=&#8220;20px&#8220; header_2_font_size_last_edited=&#8220;on|phone&#8220; locked=&#8220;off&#8220;]<\/p>\n<p><strong>Laugardalsh\u00f6ll<\/strong>,\u00a0\u00ed\u00fer\u00f3tta- og s\u00fdningah\u00f6ll e\u00f0a H\u00f6llin eins og h\u00fan er oft\u00a0nefnd \u00ed daglegu tali er um 6.500 m\u00b2 a\u00f0 st\u00e6r\u00f0.<\/p>\n<p>H\u00fasi\u00f0 er\u00a0eitt st\u00e6rsta \u00ed\u00fer\u00f3tta- og t\u00f3nleikah\u00fas landsins og hefur h\u00fdst hina \u00fdmsu st\u00f3rvi\u00f0bur\u00f0i \u00ed gegnum t\u00ed\u00f0ina.<\/p>\n<p><strong>Laugardalsh\u00f6ll<\/strong><span>\u00a0<\/span>var teiknu\u00f0 af G\u00edsla Halld\u00f3rssyni og Skarph\u00e9\u00f0ni J\u00f3hannessyni arkitektum \u00e1ri\u00f0 1959 og fyrst tekin \u00ed notkun 4. desember 1965 \u00fear sem \u00farvalsli\u00f0s Reykjav\u00edkur \u00ed handbolta t\u00f3k \u00e1 m\u00f3ti Ban\u00edk Karvin\u00e1 fr\u00e1 T\u00e9kk\u00f3sl\u00f3vak\u00edu. Margir st\u00f3rleikir hafa veri\u00f0 spila\u00f0ir s\u00ed\u00f0an \u00fe\u00e1\u00a0og af \u00feeim er \u00farslitaleikurinn \u00ed HM \u00ed handbolta 1995 l\u00edklega s\u00e1 st\u00e6rsti.<\/p>\n<p><strong>H\u00f6llin<\/strong>\u00a0hefur lengi veri\u00f0 notu\u00f0 fyrir marga mismundi vi\u00f0bur\u00f0i svo sem t\u00f3nleikahald, \u00fear sem st\u00f3r n\u00f6fn \u00e1 bor\u00f0 vi\u00f0 Led Zeppelin og Eagles hafa tro\u00f0i\u00f0 upp og ekki m\u00e1 gleyma\u00a0 einhverju st\u00e6rsta sk\u00e1keinv\u00edgi allra t\u00edma \u00e1 milli Bobby Fischers og Boris Spassk\u00edjs 1972.<\/p>\n<p>Auk \u00feess hafa oft veri\u00f0 haldnar \u00fear st\u00f3rar v\u00f6rus\u00fdningar, svo sem heimiliss\u00fdningar og atvinnuvegas\u00fdningar af \u00fdmsu tagi.<span style=\"font-size: 14px;\">\u00a0<\/span><\/p>\n<p>[\/et_pb_text][\/et_pb_column][et_pb_column type=&#8220;1_2&#8243; _builder_version=&#8220;3.25&#8243; custom_padding=&#8220;|||&#8220; custom_padding__hover=&#8220;|||&#8220;][et_pb_image src=&#8220;http:\/\/icelandfishexpo.webdev.is\/wp-content\/uploads\/2021\/02\/Laugardalsholl3.png&#8220; title_text=&#8220;Laugardalsholl3&#8243; _builder_version=&#8220;4.8.2&#8243; _module_preset=&#8220;default&#8220; max_width_tablet=&#8220;&#8220; max_width_phone=&#8220;&#8220; max_width_last_edited=&#8220;on|tablet&#8220; custom_margin=&#8220;0px||||false|false&#8220; custom_margin_tablet=&#8220;&#8220; custom_margin_phone=&#8220;&#8220; custom_margin_last_edited=&#8220;on|tablet&#8220; animation_style=&#8220;none&#8220; border_radii=&#8220;on|100px|100px|100px|100px&#8220;][\/et_pb_image][\/et_pb_column][\/et_pb_row][et_pb_row _builder_version=&#8220;4.8.2&#8243; _module_preset=&#8220;default&#8220; min_height=&#8220;493.9px&#8220; custom_margin=&#8220;2px|auto||auto||&#8220;][et_pb_column type=&#8220;4_4&#8243; _builder_version=&#8220;4.8.2&#8243; _module_preset=&#8220;default&#8220;][et_pb_code _builder_version=&#8220;4.8.2&#8243; _module_preset=&#8220;default&#8220; width=&#8220;100%&#8220; min_height=&#8220;420.9px&#8220; custom_margin=&#8220;0px||||false|false&#8220; custom_margin_tablet=&#8220;&#8220; custom_margin_phone=&#8220;&#8220; custom_margin_last_edited=&#8220;on|desktop&#8220; custom_padding=&#8220;0px|||||&#8220;]<\/p>\n<div class=\"fluid-wrapper\"><iframe allowfullscreen=\"\" frameborder=\"0\" height=\"398\" scrolling=\"no\" <iframe src=\"https:\/\/www.google.com\/maps\/embed?pb=!1m18!1m12!1m3!1d1740.2384671138311!2d-21.87886618342257!3d64.14024322339067!2m3!1f0!2f0!3f0!3m2!1i1024!2i768!4f13.1!3m3!1m2!1s0x48d674be2b114ee9%3A0xa2418dfee7b696a4!2sLaugardalsholl%20Sport%20Center!5e0!3m2!1sen!2sis!4v1614199003805!5m2!1sen!2sis\" width=\"1080\" height=\"450\" style=\"border:0;\" allowfullscreen=\"\" loading=\"lazy\"><\/iframe><\/div>\n<p>[\/et_pb_code][\/et_pb_column][\/et_pb_row][\/et_pb_section][et_pb_section fb_built=&#8220;1&#8243; admin_label=&#8220;Call to Action&#8220; _builder_version=&#8220;4.8.2&#8243; background_color=&#8220;#ed2025&#8243; background_enable_image=&#8220;off&#8220; max_height=&#8220;499px&#8220; custom_margin=&#8220;0px|||||&#8220;][\/et_pb_section]<\/p>\n","protected":false},"excerpt":{"rendered":"<p>[et_pb_section fb_built=&#8220;1&#8243; admin_label=&#8220;Header&#8220; _builder_version=&#8220;4.8.2&#8243; use_background_color_gradient=&#8220;on&#8220; background_color_gradient_start=&#8220;rgba(255,255,255,0.4)&#8220; background_color_gradient_end=&#8220;#ffffff&#8220; background_color_gradient_direction=&#8220;179deg&#8220; background_color_gradient_start_position=&#8220;28%&#8220; background_color_gradient_end_position=&#8220;90%&#8220; background_color_gradient_overlays_image=&#8220;on&#8220; background_image=&#8220;http:\/\/icelandfishexpo.webdev.is\/wp-content\/uploads\/2021\/02\/laugardalsholl.png&#8220; custom_margin=&#8220;-302px||-47px||false|false&#8220; custom_padding=&#8220;12vw||1vw||false|false&#8220;][et_pb_row _builder_version=&#8220;4.8.2&#8243; custom_margin=&#8220;170px|auto||auto|false|false&#8220;][et_pb_column type=&#8220;4_4&#8243; _builder_version=&#8220;3.25&#8243; custom_padding=&#8220;|||&#8220; custom_padding__hover=&#8220;|||&#8220;][et_pb_text _builder_version=&#8220;4.8.2&#8243; text_font=&#8220;||||||||&#8220; ul_font=&#8220;||||||||&#8220; ol_font=&#8220;||||||||&#8220; header_font=&#8220;Montserrat|500||on|||||&#8220; header_font_size=&#8220;18px&#8220; header_letter_spacing=&#8220;5px&#8220; header_line_height=&#8220;1.5em&#8220; header_2_font=&#8220;Merriweather|||on|||||&#8220; header_2_font_size=&#8220;70px&#8220; header_2_letter_spacing=&#8220;5px&#8220; header_2_line_height=&#8220;1.4em&#8220; header_3_font=&#8220;||||||||&#8220; header_4_font=&#8220;||||||||&#8220; header_5_font=&#8220;||||||||&#8220; header_6_font=&#8220;||||||||&#8220; text_orientation=&#8220;center&#8220; module_alignment=&#8220;center&#8220; min_height=&#8220;234px&#8220; height=&#8220;100px&#8220; custom_margin=&#8220;7px||||false|false&#8220; custom_padding=&#8220;44px||0px|||&#8220; hover_enabled=&#8220;0&#8243; header_font_size_tablet=&#8220;&#8220; header_font_size_phone=&#8220;12px&#8220; header_font_size_last_edited=&#8220;on|desktop&#8220; header_2_font_size_tablet=&#8220;50px&#8220; header_2_font_size_phone=&#8220;30px&#8220; header_2_font_size_last_edited=&#8220;on|desktop&#8220; module_alignment_tablet=&#8220;&#8220; module_alignment_phone=&#8220;&#8220; module_alignment_last_edited=&#8220;on|desktop&#8220; sticky_enabled=&#8220;0&#8243;] sta\u00f0setning laugardalsh\u00f6ll [&hellip;]<\/p>\n","protected":false},"author":1,"featured_media":0,"parent":0,"menu_order":0,"comment_status":"closed","ping_status":"closed","template":"","meta":{"_et_pb_use_builder":"on","_et_pb_old_content":"","_et_gb_content_width":"","footnotes":""},"class_list":["post-59","page","type-page","status-publish","hentry"],"_links":{"self":[{"href":"https:\/\/storeldhusid.is\/en\/wp-json\/wp\/v2\/pages\/59","targetHints":{"allow":["GET"]}}],"collection":[{"href":"https:\/\/storeldhusid.is\/en\/wp-json\/wp\/v2\/pages"}],"about":[{"href":"https:\/\/storeldhusid.is\/en\/wp-json\/wp\/v2\/types\/page"}],"author":[{"embeddable":true,"href":"https:\/\/storeldhusid.is\/en\/wp-json\/wp\/v2\/users\/1"}],"replies":[{"embeddable":true,"href":"https:\/\/storeldhusid.is\/en\/wp-json\/wp\/v2\/comments?post=59"}],"version-history":[{"count":61,"href":"https:\/\/storeldhusid.is\/en\/wp-json\/wp\/v2\/pages\/59\/revisions"}],"predecessor-version":[{"id":3057,"href":"https:\/\/storeldhusid.is\/en\/wp-json\/wp\/v2\/pages\/59\/revisions\/3057"}],"wp:attachment":[{"href":"https:\/\/storeldhusid.is\/en\/wp-json\/wp\/v2\/media?parent=59"}],"curies":[{"name":"wp","href":"https:\/\/api.w.org\/{rel}","templated":true}]}}